{"id":38057,"date":"2025-11-25T10:23:53","date_gmt":"2025-11-25T09:23:53","guid":{"rendered":"https:\/\/europetechnologies.com\/?page_id=38057"},"modified":"2025-11-25T10:33:01","modified_gmt":"2025-11-25T09:33:01","slug":"downloads-recap","status":"publish","type":"page","link":"https:\/\/europetechnologies.com\/en\/downloads-recap\/","title":{"rendered":"Downloads recap"},"content":{"rendered":"\n<div class=\"wpcf7 no-js\" id=\"wpcf7-f38052-o1\" lang=\"fr-FR\" dir=\"ltr\" data-wpcf7-id=\"38052\">\n<div class=\"screen-reader-response\"><p role=\"status\" aria-live=\"polite\" aria-atomic=\"true\"><\/p> <ul><\/ul><\/div>\n<form action=\"\/en\/wp-json\/wp\/v2\/pages\/38057#wpcf7-f38052-o1\" method=\"post\" class=\"wpcf7-form init\" aria-label=\"Formulaire de contact\" novalidate=\"novalidate\" data-status=\"init\">\n<fieldset class=\"hidden-fields-container\"><input type=\"hidden\" name=\"_wpcf7\" value=\"38052\" \/><input type=\"hidden\" name=\"_wpcf7_version\" value=\"6.1.5\" \/><input type=\"hidden\" name=\"_wpcf7_locale\" value=\"fr_FR\" \/><input type=\"hidden\" name=\"_wpcf7_unit_tag\" value=\"wpcf7-f38052-o1\" \/><input type=\"hidden\" name=\"_wpcf7_container_post\" value=\"0\" \/><input type=\"hidden\" name=\"_wpcf7_posted_data_hash\" value=\"\" \/>\n<\/fieldset>\n<p><label class=\"wpcf7-downloads-label\">Civility* <span class=\"wpcf7-form-control-wrap\" data-name=\"salutation\"><select class=\"wpcf7-form-control wpcf7-select wpcf7-validates-as-required\" aria-required=\"true\" aria-invalid=\"false\" name=\"salutation\"><option value=\"\">Civility<\/option><option value=\"Sir\">Sir<\/option><option value=\"Madam\">Madam<\/option><option value=\"Non-binary\">Non-binary<\/option><\/select><\/span><br \/>\n<\/label><br \/>\n<label class=\"wpcf7-downloads-label\"> Name*<br \/>\n<span class=\"wpcf7-form-control-wrap\" data-name=\"last_name\"><input size=\"40\" maxlength=\"400\" class=\"wpcf7-form-control wpcf7-text wpcf7-validates-as-required\" autocomplete=\"name\" aria-required=\"true\" aria-invalid=\"false\" value=\"\" type=\"text\" name=\"last_name\" \/><\/span> <\/label><br \/>\n<label class=\"wpcf7-downloads-label\"> Surname*<br \/>\n<span class=\"wpcf7-form-control-wrap\" data-name=\"first_name\"><input size=\"40\" maxlength=\"400\" class=\"wpcf7-form-control wpcf7-text wpcf7-validates-as-required\" autocomplete=\"name\" aria-required=\"true\" aria-invalid=\"false\" value=\"\" type=\"text\" name=\"first_name\" \/><\/span> <\/label><br \/>\n<label class=\"wpcf7-downloads-label\"> Company*<br \/>\n<span class=\"wpcf7-form-control-wrap\" data-name=\"company\"><input size=\"40\" maxlength=\"400\" class=\"wpcf7-form-control wpcf7-text wpcf7-validates-as-required\" autocomplete=\"name\" aria-required=\"true\" aria-invalid=\"false\" value=\"\" type=\"text\" name=\"company\" \/><\/span> <\/label><br \/>\n<label class=\"wpcf7-downloads-label\"> Email*<br \/>\n<span class=\"wpcf7-form-control-wrap\" data-name=\"email\"><input size=\"40\" maxlength=\"400\" class=\"wpcf7-form-control wpcf7-email wpcf7-validates-as-required wpcf7-text wpcf7-validates-as-email\" autocomplete=\"email\" aria-required=\"true\" aria-invalid=\"false\" value=\"\" type=\"email\" name=\"email\" \/><\/span> <\/label><br \/>\n<label class=\"wpcf7-downloads-label\"> Phone*<br \/>\n<span class=\"wpcf7-form-control-wrap\" data-name=\"phone\"><input size=\"40\" maxlength=\"400\" class=\"wpcf7-form-control wpcf7-tel wpcf7-validates-as-required wpcf7-text wpcf7-validates-as-tel\" aria-required=\"true\" aria-invalid=\"false\" value=\"\" type=\"tel\" name=\"phone\" \/><\/span><br \/>\n<\/label><br \/>\n<label class=\"wpcf7-downloads-label\"> Country* <span class=\"wpcf7-form-control-wrap\" data-name=\"country\"><select class=\"wpcf7-form-control wpcf7-select wpcf7-validates-as-required\" aria-required=\"true\" aria-invalid=\"false\" name=\"country\"><option value=\"Afghanistan\">Afghanistan<\/option><option value=\"South Africa du Sud\">South Africa du Sud<\/option><option value=\"Albania\">Albania<\/option><option value=\"Algeria\">Algeria<\/option><option value=\"Germany\">Germany<\/option><option value=\"Andorra\">Andorra<\/option><option value=\"Angola\">Angola<\/option><option value=\"Netherlands Antilles n\u00e9erlandaises\">Netherlands Antilles n\u00e9erlandaises<\/option><option value=\"Saudi Arabia Saoudite\">Saudi Arabia Saoudite<\/option><option value=\"Argentina\">Argentina<\/option><option value=\"Armenia\">Armenia<\/option><option value=\"Aruba\">Aruba<\/option><option value=\"Australia\">Australia<\/option><option value=\"Austria\">Austria<\/option><option value=\"Azerbaijan\">Azerbaijan<\/option><option value=\"Bahamas\">Bahamas<\/option><option value=\"Bahrain\">Bahrain<\/option><option value=\"Bangladesh\">Bangladesh<\/option><option value=\"Barbados\">Barbados<\/option><option value=\"Belgium\">Belgium<\/option><option value=\"Belize\">Belize<\/option><option value=\"Benin\">Benin<\/option><option value=\"Bermuda\">Bermuda<\/option><option value=\"Bhutan\">Bhutan<\/option><option value=\"Belarus\">Belarus<\/option><option value=\"Myanmar (Myanmar)\">Myanmar (Myanmar)<\/option><option value=\"Bolivia\">Bolivia<\/option><option value=\"Bosnia and Herzegovina-Herz\u00e9govine\">Bosnia and Herzegovina-Herz\u00e9govine<\/option><option value=\"Botswana\">Botswana<\/option><option value=\"Brazil\">Brazil<\/option><option value=\"Brunei Darussalam Darussalam\">Brunei Darussalam Darussalam<\/option><option value=\"Bulgaria\">Bulgaria<\/option><option value=\"Burkina Faso Faso\">Burkina Faso Faso<\/option><option value=\"Burundi\">Burundi<\/option><option value=\"Cambodia\">Cambodia<\/option><option value=\"Cameroon\">Cameroon<\/option><option value=\"Canada\">Canada<\/option><option value=\"Cape Verde-Vert\">Cape Verde-Vert<\/option><option value=\"Chile\">Chile<\/option><option value=\"China\">China<\/option><option value=\"Cyprus\">Cyprus<\/option><option value=\"Colombia\">Colombia<\/option><option value=\"Comoros\">Comoros<\/option><option value=\"Congo\">Congo<\/option><option value=\"North Korea du Nord\">North Korea du Nord<\/option><option value=\"South Korea du Sud\">South Korea du Sud<\/option><option value=\"Costa Rica Rica\">Costa Rica Rica<\/option><option value=\"Ivory Coast d&#039;Ivoire\">Ivory Coast d&#039;Ivoire<\/option><option value=\"Croatia\">Croatia<\/option><option value=\"Cuba\">Cuba<\/option><option value=\"Cura\u00e7ao\">Cura\u00e7ao<\/option><option value=\"Denmark\">Denmark<\/option><option value=\"Djibouti\">Djibouti<\/option><option value=\"Dominica\">Dominica<\/option><option value=\"Egypt\">Egypt<\/option><option value=\"El Salvador Salvador\">El Salvador Salvador<\/option><option value=\"United Arab Emirates Arabes Unis\">United Arab Emirates Arabes Unis<\/option><option value=\"Ecuador\">Ecuador<\/option><option value=\"Eritrea\">Eritrea<\/option><option value=\"Spain\">Spain<\/option><option value=\"Estonia\">Estonia<\/option><option value=\"\u00c5land Islands libre associ\u00e9 d&#039;\u00c5land\">\u00c5land Islands libre associ\u00e9 d&#039;\u00c5land<\/option><option value=\"United States-Unis\">United States-Unis<\/option><option value=\"Ethiopia\">Ethiopia<\/option><option value=\"Fiji\">Fiji<\/option><option value=\"Finland\">Finland<\/option><option value=\"France\">France<\/option><option value=\"Gabon\">Gabon<\/option><option value=\"Gambia\">Gambia<\/option><option value=\"Georgia\">Georgia<\/option><option value=\"Ghana\">Ghana<\/option><option value=\"Gibraltar\">Gibraltar<\/option><option value=\"Greece\">Greece<\/option><option value=\"Grenada\">Grenada<\/option><option value=\"Greenland\">Greenland<\/option><option value=\"Guadeloupe\">Guadeloupe<\/option><option value=\"Guam\">Guam<\/option><option value=\"Guatemala\">Guatemala<\/option><option value=\"Guernsey\">Guernsey<\/option><option value=\"Guinea\">Guinea<\/option><option value=\"Guinea-Bissau-Bissau\">Guinea-Bissau-Bissau<\/option><option value=\"Equatorial Guinea \u00e9quatoriale\">Equatorial Guinea \u00e9quatoriale<\/option><option value=\"Guyana\">Guyana<\/option><option value=\"Haiti\">Haiti<\/option><option value=\"Honduras\">Honduras<\/option><option value=\"Hong Kong Kong\">Hong Kong Kong<\/option><option value=\"Hungary\">Hungary<\/option><option value=\"Isle of Man de Man\">Isle of Man de Man<\/option><option value=\"Faroe Islands F\u00e9ro\u00e9\">Faroe Islands F\u00e9ro\u00e9<\/option><option value=\"Marshall Islands Marshall\">Marshall Islands Marshall<\/option><option value=\"India\">India<\/option><option value=\"Indonesia\">Indonesia<\/option><option value=\"Iraq\">Iraq<\/option><option value=\"Iran\">Iran<\/option><option value=\"Ireland\">Ireland<\/option><option value=\"Iceland\">Iceland<\/option><option value=\"Israel\">Israel<\/option><option value=\"Italy\">Italy<\/option><option value=\"Jamaica\">Jamaica<\/option><option value=\"Japan\">Japan<\/option><option value=\"Jersey\">Jersey<\/option><option value=\"Jordan\">Jordan<\/option><option value=\"Kazakhstan\">Kazakhstan<\/option><option value=\"Kenya\">Kenya<\/option><option value=\"Kyrgyzstan\">Kyrgyzstan<\/option><option value=\"Kiribati\">Kiribati<\/option><option value=\"Kuwait\">Kuwait<\/option><option value=\"Laos\">Laos<\/option><option value=\"Reunion R\u00e9union\">Reunion R\u00e9union<\/option><option value=\"Lesotho\">Lesotho<\/option><option value=\"Latvia\">Latvia<\/option><option value=\"Lebanon\">Lebanon<\/option><option value=\"Liberia\">Liberia<\/option><option value=\"Libya\">Libya<\/option><option value=\"Liechtenstein\">Liechtenstein<\/option><option value=\"Lithuania\">Lithuania<\/option><option value=\"Luxembourg\">Luxembourg<\/option><option value=\"Macao\">Macao<\/option><option value=\"North Macedonia\">North Macedonia<\/option><option value=\"Madagascar\">Madagascar<\/option><option value=\"Malaysia\">Malaysia<\/option><option value=\"Malawi\">Malawi<\/option><option value=\"Maldives\">Maldives<\/option><option value=\"Mali\">Mali<\/option><option value=\"Malta\">Malta<\/option><option value=\"Morocco\">Morocco<\/option><option value=\"Martinique\">Martinique<\/option><option value=\"Mauritius\">Mauritius<\/option><option value=\"Mauritania\">Mauritania<\/option><option value=\"Mayotte\">Mayotte<\/option><option value=\"Mexico\">Mexico<\/option><option value=\"Moldova\">Moldova<\/option><option value=\"Monaco\">Monaco<\/option><option value=\"Mongolia\">Mongolia<\/option><option value=\"Montenegro\">Montenegro<\/option><option value=\"Montserrat\">Montserrat<\/option><option value=\"Mozambique\">Mozambique<\/option><option value=\"Namibia\">Namibia<\/option><option value=\"Nepal\">Nepal<\/option><option value=\"Nicaragua\">Nicaragua<\/option><option value=\"Niger\">Niger<\/option><option value=\"Nigeria\">Nigeria<\/option><option value=\"Norway\">Norway<\/option><option value=\"New Caledonia-Cal\u00e9donie\">New Caledonia-Cal\u00e9donie<\/option><option value=\"New Zealand-Z\u00e9lande\">New Zealand-Z\u00e9lande<\/option><option value=\"Oman\">Oman<\/option><option value=\"Uganda\">Uganda<\/option><option value=\"Uzbekistan\">Uzbekistan<\/option><option value=\"Pakistan\">Pakistan<\/option><option value=\"Palau\">Palau<\/option><option value=\"Panama\">Panama<\/option><option value=\"Papua New Guinea-Nouvelle-Guin\u00e9e\">Papua New Guinea-Nouvelle-Guin\u00e9e<\/option><option value=\"Paraguay\">Paraguay<\/option><option value=\"Netherlands-Bas\">Netherlands-Bas<\/option><option value=\"Caribbean Netherlands-Bas carib\u00e9ens\">Caribbean Netherlands-Bas carib\u00e9ens<\/option><option value=\"Peru\">Peru<\/option><option value=\"Philippines\">Philippines<\/option><option value=\"Poland\">Poland<\/option><option value=\"French Polynesia fran\u00e7aise\">French Polynesia fran\u00e7aise<\/option><option value=\"Puerto Rico Rico\">Puerto Rico Rico<\/option><option value=\"Portugal\">Portugal<\/option><option value=\"Qatar\">Qatar<\/option><option value=\"Central African Republic Centrafricaine\">Central African Republic Centrafricaine<\/option><option value=\"Democratic Republic of the Congo d\u00e9mocratique du Congo\">Democratic Republic of the Congo d\u00e9mocratique du Congo<\/option><option value=\"Dominican Republic dominicaine\">Dominican Republic dominicaine<\/option><option value=\"Guyana du Guyana\">Guyana du Guyana<\/option><option value=\"Czech Republic Tch\u00e8que\">Czech Republic Tch\u00e8que<\/option><option value=\"Romania\">Romania<\/option><option value=\"United Kingdom-Uni\">United Kingdom-Uni<\/option><option value=\"Russia\">Russia<\/option><option value=\"Rwanda\">Rwanda<\/option><option value=\"Saint Kitts and Nevis Christophe et Ni\u00e9v\u00e8s\">Saint Kitts and Nevis Christophe et Ni\u00e9v\u00e8s<\/option><option value=\"Saint Helena-H\u00e9l\u00e8ne\">Saint Helena-H\u00e9l\u00e8ne<\/option><option value=\"Saint Lucia-Lucie\">Saint Lucia-Lucie<\/option><option value=\"San Marino-Marin\">San Marino-Marin<\/option><option value=\"Saint Pierre and Miquelon Pierre et Miquelon\">Saint Pierre and Miquelon Pierre et Miquelon<\/option><option value=\"Saint Vincent and the Grenadines-Vincent et les Grenadines\">Saint Vincent and the Grenadines-Vincent et les Grenadines<\/option><option value=\"Samoa\">Samoa<\/option><option value=\"S\u00e3o Tom\u00e9 and Pr\u00edncipe Tom\u00e9-et-Principe\">S\u00e3o Tom\u00e9 and Pr\u00edncipe Tom\u00e9-et-Principe<\/option><option value=\"Senegal\">Senegal<\/option><option value=\"Serbia\">Serbia<\/option><option value=\"Seychelles\">Seychelles<\/option><option value=\"Sierra Leone Leone\">Sierra Leone Leone<\/option><option value=\"Singapore\">Singapore<\/option><option value=\"Slovakia\">Slovakia<\/option><option value=\"Slovenia\">Slovenia<\/option><option value=\"Somalia\">Somalia<\/option><option value=\"Sudan\">Sudan<\/option><option value=\"Sri Lanka Lanka\">Sri Lanka Lanka<\/option><option value=\"Sweden\">Sweden<\/option><option value=\"Switzerland\">Switzerland<\/option><option value=\"Suriname\">Suriname<\/option><option value=\"Eswatini\">Eswatini<\/option><option value=\"Syria\">Syria<\/option><option value=\"Tajikistan\">Tajikistan<\/option><option value=\"Taiwan\">Taiwan<\/option><option value=\"Tanzania\">Tanzania<\/option><option value=\"Chad\">Chad<\/option><option value=\"Thailand\">Thailand<\/option><option value=\"Togo\">Togo<\/option><option value=\"Tonga\">Tonga<\/option><option value=\"Trinidad and Tobago-et-Tobago\">Trinidad and Tobago-et-Tobago<\/option><option value=\"Tunisia\">Tunisia<\/option><option value=\"Turkmenistan\">Turkmenistan<\/option><option value=\"Turkey\">Turkey<\/option><option value=\"Ukraine\">Ukraine<\/option><option value=\"Uruguay\">Uruguay<\/option><option value=\"Vanuatu\">Vanuatu<\/option><option value=\"Vatican\">Vatican<\/option><option value=\"Venezuela\">Venezuela<\/option><option value=\"British Virgin Islands\">British Virgin Islands<\/option><option value=\"Vietnam Nam\">Vietnam Nam<\/option><option value=\"Wallis and Futuna-et-Futuna\">Wallis and Futuna-et-Futuna<\/option><option value=\"Kosovo\">Kosovo<\/option><option value=\"Yemen\">Yemen<\/option><option value=\"Zambia\">Zambia<\/option><option value=\"Zimbabwe\">Zimbabwe<\/option><\/select><\/span><br \/>\n<\/label><br \/>\n<label class=\"wpcf7-downloads-label\"> Zip Code*<br \/>\n<span class=\"wpcf7-form-control-wrap\" data-name=\"zip\"><input class=\"wpcf7-form-control wpcf7-number wpcf7-validates-as-required wpcf7-validates-as-number\" aria-required=\"true\" aria-invalid=\"false\" value=\"\" type=\"number\" name=\"zip\" \/><\/span><\/label><br \/>\n<input class=\"wpcf7-form-control wpcf7-hidden\" value=\"\" type=\"hidden\" name=\"file_ids\" \/><br \/>\n<span class=\"wpcf7-form-control-wrap\" data-name=\"hcap-cf7\">\t\t<input\n\t\t\t\ttype=\"hidden\"\n\t\t\t\tclass=\"hcaptcha-widget-id\"\n\t\t\t\tname=\"hcaptcha-widget-id\"\n\t\t\t\tvalue=\"eyJzb3VyY2UiOlsiY29udGFjdC1mb3JtLTdcL3dwLWNvbnRhY3QtZm9ybS03LnBocCJdLCJmb3JtX2lkIjowfQ==-65317241d620beb4af747eb39b6f425d\">\n\t\t\t\t<span id=\"hcap_cf7-69d7d7ffc56112.60220471\" class=\"wpcf7-form-control h-captcha \"\n\t\t\tdata-sitekey=\"6e7c59a2-1356-40c6-a3e0-3dc2411eb55c\"\n\t\t\tdata-theme=\"light\"\n\t\t\tdata-size=\"normal\"\n\t\t\tdata-auto=\"false\"\n\t\t\tdata-ajax=\"false\"\n\t\t\tdata-force=\"false\">\n\t\t<\/span>\n\t\t<input type=\"hidden\" id=\"_wpnonce\" name=\"_wpnonce\" value=\"cfca5861fa\" \/><input type=\"hidden\" name=\"_wp_http_referer\" value=\"\/en\/wp-json\/wp\/v2\/pages\/38057\" \/><\/span><input class=\"wpcf7-form-control wpcf7-submit has-spinner\" type=\"submit\" value=\"I download\" \/>\n<\/p><p style=\"display: none !important;\" class=\"akismet-fields-container\" data-prefix=\"_wpcf7_ak_\"><label>&#916;<textarea name=\"_wpcf7_ak_hp_textarea\" cols=\"45\" rows=\"8\" maxlength=\"100\"><\/textarea><\/label><input type=\"hidden\" id=\"ak_js_1\" name=\"_wpcf7_ak_js\" value=\"61\"\/><script>document.getElementById( \"ak_js_1\" ).setAttribute( \"value\", ( new Date() ).getTime() );<\/script><\/p><div class=\"wpcf7-response-output\" aria-hidden=\"true\"><\/div>\n<\/form>\n<\/div>\n\n","protected":false},"excerpt":{"rendered":"Civility* CivilitySirMadamNon-binary Name* Surname* Company* Email* Phone* Country* AfghanistanSouth Africa du SudAlbaniaAlgeriaGermanyAndorraAngolaNetherlands Antilles n\u00e9erlandaisesSaudi Arabia SaouditeArgentinaArmeniaArubaAustraliaAustriaAzerbaijanBahamasBahrainBangladeshBarbadosBelgiumBelizeBeninBermudaBhutanBelarusMyanmar (Myanmar)BoliviaBosnia and Herzegovina-Herz\u00e9govineBotswanaBrazilBrunei Darussalam DarussalamBulgariaBurkina Faso FasoBurundiCambodiaCameroonCanadaCape Verde-VertChileChinaCyprusColombiaComorosCongoNorth Korea du NordSouth Korea du SudCosta&hellip;","protected":false},"author":1,"featured_media":0,"parent":0,"menu_order":0,"comment_status":"closed","ping_status":"closed","template":"page-recapitulatif-telechargements.php","meta":{"_acf_changed":false,"footnotes":""},"class_list":["post-38057","page","type-page","status-publish","hentry"],"acf":[],"yoast_head":"<title>Downloads recap - Europe Technologies<\/title>\n<meta name=\"robots\" content=\"index, follow, max-snippet:-1, max-image-preview:large, max-video-preview:-1\" \/>\n<link rel=\"canonical\" href=\"https:\/\/europetechnologies.com\/en\/downloads-recap\/\" \/>\n<meta property=\"og:locale\" content=\"en_US\" \/>\n<meta property=\"og:type\" content=\"article\" \/>\n<meta property=\"og:title\" content=\"Downloads recap - Europe Technologies\" \/>\n<meta property=\"og:url\" content=\"https:\/\/europetechnologies.com\/en\/downloads-recap\/\" \/>\n<meta property=\"og:site_name\" content=\"Europe Technologies\" \/>\n<meta property=\"article:modified_time\" content=\"2025-11-25T09:33:01+00:00\" \/>\n<meta name=\"twitter:card\" content=\"summary_large_image\" \/>\n<meta name=\"twitter:label1\" content=\"Est. reading time\" \/>\n\t<meta name=\"twitter:data1\" content=\"1 minute\" \/>\n<script type=\"application\/ld+json\" class=\"yoast-schema-graph\">{\"@context\":\"https:\\\/\\\/schema.org\",\"@graph\":[{\"@type\":\"WebPage\",\"@id\":\"https:\\\/\\\/europetechnologies.com\\\/en\\\/downloads-recap\\\/\",\"url\":\"https:\\\/\\\/europetechnologies.com\\\/en\\\/downloads-recap\\\/\",\"name\":\"Downloads recap - Europe Technologies\",\"isPartOf\":{\"@id\":\"https:\\\/\\\/europetechnologies.com\\\/#website\"},\"datePublished\":\"2025-11-25T09:23:53+00:00\",\"dateModified\":\"2025-11-25T09:33:01+00:00\",\"breadcrumb\":{\"@id\":\"https:\\\/\\\/europetechnologies.com\\\/en\\\/downloads-recap\\\/#breadcrumb\"},\"inLanguage\":\"en-US\",\"potentialAction\":[{\"@type\":\"ReadAction\",\"target\":[\"https:\\\/\\\/europetechnologies.com\\\/en\\\/downloads-recap\\\/\"]}]},{\"@type\":\"BreadcrumbList\",\"@id\":\"https:\\\/\\\/europetechnologies.com\\\/en\\\/downloads-recap\\\/#breadcrumb\",\"itemListElement\":[{\"@type\":\"ListItem\",\"position\":1,\"name\":\"Home\",\"item\":\"https:\\\/\\\/europetechnologies.com\\\/en\\\/\"},{\"@type\":\"ListItem\",\"position\":2,\"name\":\"Downloads recap\"}]},{\"@type\":\"WebSite\",\"@id\":\"https:\\\/\\\/europetechnologies.com\\\/#website\",\"url\":\"https:\\\/\\\/europetechnologies.com\\\/\",\"name\":\"Europe Technologies\",\"description\":\"\",\"potentialAction\":[{\"@type\":\"SearchAction\",\"target\":{\"@type\":\"EntryPoint\",\"urlTemplate\":\"https:\\\/\\\/europetechnologies.com\\\/?s={search_term_string}\"},\"query-input\":{\"@type\":\"PropertyValueSpecification\",\"valueRequired\":true,\"valueName\":\"search_term_string\"}}],\"inLanguage\":\"en-US\"}]}<\/script>","yoast_head_json":{"title":"Downloads recap - Europe Technologies","robots":{"index":"index","follow":"follow","max-snippet":"max-snippet:-1","max-image-preview":"max-image-preview:large","max-video-preview":"max-video-preview:-1"},"canonical":"https:\/\/europetechnologies.com\/en\/downloads-recap\/","og_locale":"en_US","og_type":"article","og_title":"Downloads recap - Europe Technologies","og_url":"https:\/\/europetechnologies.com\/en\/downloads-recap\/","og_site_name":"Europe Technologies","article_modified_time":"2025-11-25T09:33:01+00:00","twitter_card":"summary_large_image","twitter_misc":{"Est. reading time":"1 minute"},"schema":{"@context":"https:\/\/schema.org","@graph":[{"@type":"WebPage","@id":"https:\/\/europetechnologies.com\/en\/downloads-recap\/","url":"https:\/\/europetechnologies.com\/en\/downloads-recap\/","name":"Downloads recap - Europe Technologies","isPartOf":{"@id":"https:\/\/europetechnologies.com\/#website"},"datePublished":"2025-11-25T09:23:53+00:00","dateModified":"2025-11-25T09:33:01+00:00","breadcrumb":{"@id":"https:\/\/europetechnologies.com\/en\/downloads-recap\/#breadcrumb"},"inLanguage":"en-US","potentialAction":[{"@type":"ReadAction","target":["https:\/\/europetechnologies.com\/en\/downloads-recap\/"]}]},{"@type":"BreadcrumbList","@id":"https:\/\/europetechnologies.com\/en\/downloads-recap\/#breadcrumb","itemListElement":[{"@type":"ListItem","position":1,"name":"Home","item":"https:\/\/europetechnologies.com\/en\/"},{"@type":"ListItem","position":2,"name":"Downloads recap"}]},{"@type":"WebSite","@id":"https:\/\/europetechnologies.com\/#website","url":"https:\/\/europetechnologies.com\/","name":"Europe Technologies","description":"","potentialAction":[{"@type":"SearchAction","target":{"@type":"EntryPoint","urlTemplate":"https:\/\/europetechnologies.com\/?s={search_term_string}"},"query-input":{"@type":"PropertyValueSpecification","valueRequired":true,"valueName":"search_term_string"}}],"inLanguage":"en-US"}]}},"_links":{"self":[{"href":"https:\/\/europetechnologies.com\/en\/wp-json\/wp\/v2\/pages\/38057","targetHints":{"allow":["GET"]}}],"collection":[{"href":"https:\/\/europetechnologies.com\/en\/wp-json\/wp\/v2\/pages"}],"about":[{"href":"https:\/\/europetechnologies.com\/en\/wp-json\/wp\/v2\/types\/page"}],"author":[{"embeddable":true,"href":"https:\/\/europetechnologies.com\/en\/wp-json\/wp\/v2\/users\/1"}],"replies":[{"embeddable":true,"href":"https:\/\/europetechnologies.com\/en\/wp-json\/wp\/v2\/comments?post=38057"}],"version-history":[{"count":1,"href":"https:\/\/europetechnologies.com\/en\/wp-json\/wp\/v2\/pages\/38057\/revisions"}],"predecessor-version":[{"id":38058,"href":"https:\/\/europetechnologies.com\/en\/wp-json\/wp\/v2\/pages\/38057\/revisions\/38058"}],"wp:attachment":[{"href":"https:\/\/europetechnologies.com\/en\/wp-json\/wp\/v2\/media?parent=38057"}],"curies":[{"name":"wp","href":"https:\/\/api.w.org\/{rel}","templated":true}]}}